{"id":1404,"date":"2025-11-12T10:32:48","date_gmt":"2025-11-12T10:32:48","guid":{"rendered":"https:\/\/www.enekom.si\/radenska-d-o-o-celostni-tehnoloski-energetski-pregled\/"},"modified":"2026-03-31T09:01:40","modified_gmt":"2026-03-31T09:01:40","slug":"radenska-d-o-o-celostni-tehnoloski-energetski-pregled","status":"publish","type":"page","link":"https:\/\/www.enekom.si\/en\/reference\/radenska-d-o-o-celostni-tehnoloski-energetski-pregled\/","title":{"rendered":"Radenska d. o. o. \u2013 Comprehensive technological energy audit"},"content":{"rendered":"","protected":false},"excerpt":{"rendered":"","protected":false},"author":3,"featured_media":0,"parent":1440,"menu_order":0,"comment_status":"closed","ping_status":"closed","template":"referenca.php","meta":{"_acf_changed":false,"inline_featured_image":false,"footnotes":""},"class_list":["post-1404","page","type-page","status-publish","hentry"],"acf":[],"yoast_head":"<!-- This site is optimized with the Yoast SEO plugin v26.3 - https:\/\/yoast.com\/wordpress\/plugins\/seo\/ -->\n<title>Enekom - Referenca: Radenska d.o.o. \u2013 Celostni tehnolo\u0161ki in energetski pregled<\/title>\n<meta name=\"description\" content=\"Enekom je za Radenska d.o.o. izvedel celostni tehnolo\u0161ki in energetski pregled, pripravil ukrepe za optimizacijo porabe energije ter pove\u010dal u\u010dinkovitost proizvodnih procesov.\" \/>\n<meta name=\"robots\" content=\"index, follow, max-snippet:-1, max-image-preview:large, max-video-preview:-1\" \/>\n<link rel=\"canonical\" href=\"https:\/\/www.enekom.si\/en\/reference\/radenska-d-o-o-celostni-tehnoloski-energetski-pregled\/\" \/>\n<meta property=\"og:locale\" content=\"en_US\" \/>\n<meta property=\"og:type\" content=\"article\" \/>\n<meta property=\"og:title\" content=\"Enekom - Referenca: Radenska d.o.o. \u2013 Celostni tehnolo\u0161ki in energetski pregled\" \/>\n<meta property=\"og:description\" content=\"Enekom je za Radenska d.o.o. izvedel celostni tehnolo\u0161ki in energetski pregled, pripravil ukrepe za optimizacijo porabe energije ter pove\u010dal u\u010dinkovitost proizvodnih procesov.\" \/>\n<meta property=\"og:url\" content=\"https:\/\/www.enekom.si\/en\/reference\/radenska-d-o-o-celostni-tehnoloski-energetski-pregled\/\" \/>\n<meta property=\"og:site_name\" content=\"Enekom\" \/>\n<meta property=\"article:modified_time\" content=\"2026-03-31T09:01:40+00:00\" \/>\n<meta name=\"twitter:card\" content=\"summary_large_image\" \/>\n<script type=\"application\/ld+json\" class=\"yoast-schema-graph\">{\"@context\":\"https:\/\/schema.org\",\"@graph\":[{\"@type\":\"WebPage\",\"@id\":\"https:\/\/www.enekom.si\/en\/reference\/radenska-d-o-o-celostni-tehnoloski-energetski-pregled\/\",\"url\":\"https:\/\/www.enekom.si\/en\/reference\/radenska-d-o-o-celostni-tehnoloski-energetski-pregled\/\",\"name\":\"Enekom - Referenca: Radenska d.o.o. \u2013 Celostni tehnolo\u0161ki in energetski pregled\",\"isPartOf\":{\"@id\":\"https:\/\/www.enekom.si\/en\/#website\"},\"datePublished\":\"2025-11-12T10:32:48+00:00\",\"dateModified\":\"2026-03-31T09:01:40+00:00\",\"description\":\"Enekom je za Radenska d.o.o. izvedel celostni tehnolo\u0161ki in energetski pregled, pripravil ukrepe za optimizacijo porabe energije ter pove\u010dal u\u010dinkovitost proizvodnih procesov.\",\"breadcrumb\":{\"@id\":\"https:\/\/www.enekom.si\/en\/reference\/radenska-d-o-o-celostni-tehnoloski-energetski-pregled\/#breadcrumb\"},\"inLanguage\":\"en-US\",\"potentialAction\":[{\"@type\":\"ReadAction\",\"target\":[\"https:\/\/www.enekom.si\/en\/reference\/radenska-d-o-o-celostni-tehnoloski-energetski-pregled\/\"]}]},{\"@type\":\"BreadcrumbList\",\"@id\":\"https:\/\/www.enekom.si\/en\/reference\/radenska-d-o-o-celostni-tehnoloski-energetski-pregled\/#breadcrumb\",\"itemListElement\":[{\"@type\":\"ListItem\",\"position\":1,\"name\":\"Home\",\"item\":\"https:\/\/www.enekom.si\/en\/\"},{\"@type\":\"ListItem\",\"position\":2,\"name\":\"References\",\"item\":\"https:\/\/www.enekom.si\/en\/reference\/\"},{\"@type\":\"ListItem\",\"position\":3,\"name\":\"Radenska d. o. o. \u2013 Comprehensive technological energy audit\"}]},{\"@type\":\"WebSite\",\"@id\":\"https:\/\/www.enekom.si\/en\/#website\",\"url\":\"https:\/\/www.enekom.si\/en\/\",\"name\":\"Enekom\",\"description\":\"Enekom\",\"potentialAction\":[{\"@type\":\"SearchAction\",\"target\":{\"@type\":\"EntryPoint\",\"urlTemplate\":\"https:\/\/www.enekom.si\/en\/?s={search_term_string}\"},\"query-input\":{\"@type\":\"PropertyValueSpecification\",\"valueRequired\":true,\"valueName\":\"search_term_string\"}}],\"inLanguage\":\"en-US\"}]}<\/script>\n<!-- \/ Yoast SEO plugin. -->","yoast_head_json":{"title":"Enekom - Referenca: Radenska d.o.o. \u2013 Celostni tehnolo\u0161ki in energetski pregled","description":"Enekom je za Radenska d.o.o. izvedel celostni tehnolo\u0161ki in energetski pregled, pripravil ukrepe za optimizacijo porabe energije ter pove\u010dal u\u010dinkovitost proizvodnih procesov.","robots":{"index":"index","follow":"follow","max-snippet":"max-snippet:-1","max-image-preview":"max-image-preview:large","max-video-preview":"max-video-preview:-1"},"canonical":"https:\/\/www.enekom.si\/en\/reference\/radenska-d-o-o-celostni-tehnoloski-energetski-pregled\/","og_locale":"en_US","og_type":"article","og_title":"Enekom - Referenca: Radenska d.o.o. \u2013 Celostni tehnolo\u0161ki in energetski pregled","og_description":"Enekom je za Radenska d.o.o. izvedel celostni tehnolo\u0161ki in energetski pregled, pripravil ukrepe za optimizacijo porabe energije ter pove\u010dal u\u010dinkovitost proizvodnih procesov.","og_url":"https:\/\/www.enekom.si\/en\/reference\/radenska-d-o-o-celostni-tehnoloski-energetski-pregled\/","og_site_name":"Enekom","article_modified_time":"2026-03-31T09:01:40+00:00","twitter_card":"summary_large_image","schema":{"@context":"https:\/\/schema.org","@graph":[{"@type":"WebPage","@id":"https:\/\/www.enekom.si\/en\/reference\/radenska-d-o-o-celostni-tehnoloski-energetski-pregled\/","url":"https:\/\/www.enekom.si\/en\/reference\/radenska-d-o-o-celostni-tehnoloski-energetski-pregled\/","name":"Enekom - Referenca: Radenska d.o.o. \u2013 Celostni tehnolo\u0161ki in energetski pregled","isPartOf":{"@id":"https:\/\/www.enekom.si\/en\/#website"},"datePublished":"2025-11-12T10:32:48+00:00","dateModified":"2026-03-31T09:01:40+00:00","description":"Enekom je za Radenska d.o.o. izvedel celostni tehnolo\u0161ki in energetski pregled, pripravil ukrepe za optimizacijo porabe energije ter pove\u010dal u\u010dinkovitost proizvodnih procesov.","breadcrumb":{"@id":"https:\/\/www.enekom.si\/en\/reference\/radenska-d-o-o-celostni-tehnoloski-energetski-pregled\/#breadcrumb"},"inLanguage":"en-US","potentialAction":[{"@type":"ReadAction","target":["https:\/\/www.enekom.si\/en\/reference\/radenska-d-o-o-celostni-tehnoloski-energetski-pregled\/"]}]},{"@type":"BreadcrumbList","@id":"https:\/\/www.enekom.si\/en\/reference\/radenska-d-o-o-celostni-tehnoloski-energetski-pregled\/#breadcrumb","itemListElement":[{"@type":"ListItem","position":1,"name":"Home","item":"https:\/\/www.enekom.si\/en\/"},{"@type":"ListItem","position":2,"name":"References","item":"https:\/\/www.enekom.si\/en\/reference\/"},{"@type":"ListItem","position":3,"name":"Radenska d. o. o. \u2013 Comprehensive technological energy audit"}]},{"@type":"WebSite","@id":"https:\/\/www.enekom.si\/en\/#website","url":"https:\/\/www.enekom.si\/en\/","name":"Enekom","description":"Enekom","potentialAction":[{"@type":"SearchAction","target":{"@type":"EntryPoint","urlTemplate":"https:\/\/www.enekom.si\/en\/?s={search_term_string}"},"query-input":{"@type":"PropertyValueSpecification","valueRequired":true,"valueName":"search_term_string"}}],"inLanguage":"en-US"}]}},"_links":{"self":[{"href":"https:\/\/www.enekom.si\/en\/wp-json\/wp\/v2\/pages\/1404","targetHints":{"allow":["GET"]}}],"collection":[{"href":"https:\/\/www.enekom.si\/en\/wp-json\/wp\/v2\/pages"}],"about":[{"href":"https:\/\/www.enekom.si\/en\/wp-json\/wp\/v2\/types\/page"}],"author":[{"embeddable":true,"href":"https:\/\/www.enekom.si\/en\/wp-json\/wp\/v2\/users\/3"}],"replies":[{"embeddable":true,"href":"https:\/\/www.enekom.si\/en\/wp-json\/wp\/v2\/comments?post=1404"}],"version-history":[{"count":3,"href":"https:\/\/www.enekom.si\/en\/wp-json\/wp\/v2\/pages\/1404\/revisions"}],"predecessor-version":[{"id":2023,"href":"https:\/\/www.enekom.si\/en\/wp-json\/wp\/v2\/pages\/1404\/revisions\/2023"}],"up":[{"embeddable":true,"href":"https:\/\/www.enekom.si\/en\/wp-json\/wp\/v2\/pages\/1440"}],"wp:attachment":[{"href":"https:\/\/www.enekom.si\/en\/wp-json\/wp\/v2\/media?parent=1404"}],"curies":[{"name":"wp","href":"https:\/\/api.w.org\/{rel}","templated":true}]}}