{"id":1412,"date":"2025-11-06T11:32:32","date_gmt":"2025-11-06T11:32:32","guid":{"rendered":"https:\/\/www.enekom.si\/energetski-menedzment-v-domovih-za-starejse-v-okviru-sszs\/"},"modified":"2026-03-30T09:05:30","modified_gmt":"2026-03-30T09:05:30","slug":"energetski-menedzment-v-domovih-za-starejse-v-okviru-sszs","status":"publish","type":"page","link":"https:\/\/www.enekom.si\/en\/reference\/energetski-menedzment-v-domovih-za-starejse-v-okviru-sszs\/","title":{"rendered":"Energy management in nursing homes within the framework of the SSZS (Community of Slovenian nursing homes)"},"content":{"rendered":"","protected":false},"excerpt":{"rendered":"","protected":false},"author":2,"featured_media":0,"parent":1440,"menu_order":0,"comment_status":"closed","ping_status":"closed","template":"referenca.php","meta":{"_acf_changed":false,"inline_featured_image":false,"footnotes":""},"class_list":["post-1412","page","type-page","status-publish","hentry"],"acf":[],"yoast_head":"<!-- This site is optimized with the Yoast SEO plugin v26.3 - https:\/\/yoast.com\/wordpress\/plugins\/seo\/ -->\n<title>Enekom \u2013 Referenca: Energetski mened\u017ement v domovih za starej\u0161e (SSZS)<\/title>\n<meta name=\"description\" content=\"Enekom je v domovih za starej\u0161e v okviru SSZS vzpostavil krovni energetskega mened\u017ement z namenom izbolj\u0161evanje energetske u\u010dinkovitosti. Storitev se je skozi leta nadgrajevala v smeri nadzora in regulacije koni\u010dne porabe, digitalizacije pralnic, spremljanje koli\u010din opranega perila in zavr\u017eene hrane, centralnega upravljanja energetskih naprav preko nadzorno regulacijskih sistemov.\" \/>\n<meta name=\"robots\" content=\"index, follow, max-snippet:-1, max-image-preview:large, max-video-preview:-1\" \/>\n<link rel=\"canonical\" href=\"https:\/\/www.enekom.si\/en\/reference\/energetski-menedzment-v-domovih-za-starejse-v-okviru-sszs\/\" \/>\n<meta property=\"og:locale\" content=\"en_US\" \/>\n<meta property=\"og:type\" content=\"article\" \/>\n<meta property=\"og:title\" content=\"Enekom \u2013 Referenca: Energetski mened\u017ement v domovih za starej\u0161e (SSZS)\" \/>\n<meta property=\"og:description\" content=\"Enekom je v domovih za starej\u0161e v okviru SSZS vzpostavil krovni energetskega mened\u017ement z namenom izbolj\u0161evanje energetske u\u010dinkovitosti. Storitev se je skozi leta nadgrajevala v smeri nadzora in regulacije koni\u010dne porabe, digitalizacije pralnic, spremljanje koli\u010din opranega perila in zavr\u017eene hrane, centralnega upravljanja energetskih naprav preko nadzorno regulacijskih sistemov.\" \/>\n<meta property=\"og:url\" content=\"https:\/\/www.enekom.si\/en\/reference\/energetski-menedzment-v-domovih-za-starejse-v-okviru-sszs\/\" \/>\n<meta property=\"og:site_name\" content=\"Enekom\" \/>\n<meta property=\"article:modified_time\" content=\"2026-03-30T09:05:30+00:00\" \/>\n<meta name=\"twitter:card\" content=\"summary_large_image\" \/>\n<script type=\"application\/ld+json\" class=\"yoast-schema-graph\">{\"@context\":\"https:\/\/schema.org\",\"@graph\":[{\"@type\":\"WebPage\",\"@id\":\"https:\/\/www.enekom.si\/en\/reference\/energetski-menedzment-v-domovih-za-starejse-v-okviru-sszs\/\",\"url\":\"https:\/\/www.enekom.si\/en\/reference\/energetski-menedzment-v-domovih-za-starejse-v-okviru-sszs\/\",\"name\":\"Enekom \u2013 Referenca: Energetski mened\u017ement v domovih za starej\u0161e (SSZS)\",\"isPartOf\":{\"@id\":\"https:\/\/www.enekom.si\/en\/#website\"},\"datePublished\":\"2025-11-06T11:32:32+00:00\",\"dateModified\":\"2026-03-30T09:05:30+00:00\",\"description\":\"Enekom je v domovih za starej\u0161e v okviru SSZS vzpostavil krovni energetskega mened\u017ement z namenom izbolj\u0161evanje energetske u\u010dinkovitosti. Storitev se je skozi leta nadgrajevala v smeri nadzora in regulacije koni\u010dne porabe, digitalizacije pralnic, spremljanje koli\u010din opranega perila in zavr\u017eene hrane, centralnega upravljanja energetskih naprav preko nadzorno regulacijskih sistemov.\",\"breadcrumb\":{\"@id\":\"https:\/\/www.enekom.si\/en\/reference\/energetski-menedzment-v-domovih-za-starejse-v-okviru-sszs\/#breadcrumb\"},\"inLanguage\":\"en-US\",\"potentialAction\":[{\"@type\":\"ReadAction\",\"target\":[\"https:\/\/www.enekom.si\/en\/reference\/energetski-menedzment-v-domovih-za-starejse-v-okviru-sszs\/\"]}]},{\"@type\":\"BreadcrumbList\",\"@id\":\"https:\/\/www.enekom.si\/en\/reference\/energetski-menedzment-v-domovih-za-starejse-v-okviru-sszs\/#breadcrumb\",\"itemListElement\":[{\"@type\":\"ListItem\",\"position\":1,\"name\":\"Home\",\"item\":\"https:\/\/www.enekom.si\/en\/\"},{\"@type\":\"ListItem\",\"position\":2,\"name\":\"References\",\"item\":\"https:\/\/www.enekom.si\/en\/reference\/\"},{\"@type\":\"ListItem\",\"position\":3,\"name\":\"Energy management in nursing homes within the framework of the SSZS (Community of Slovenian nursing homes)\"}]},{\"@type\":\"WebSite\",\"@id\":\"https:\/\/www.enekom.si\/en\/#website\",\"url\":\"https:\/\/www.enekom.si\/en\/\",\"name\":\"Enekom\",\"description\":\"Enekom\",\"potentialAction\":[{\"@type\":\"SearchAction\",\"target\":{\"@type\":\"EntryPoint\",\"urlTemplate\":\"https:\/\/www.enekom.si\/en\/?s={search_term_string}\"},\"query-input\":{\"@type\":\"PropertyValueSpecification\",\"valueRequired\":true,\"valueName\":\"search_term_string\"}}],\"inLanguage\":\"en-US\"}]}<\/script>\n<!-- \/ Yoast SEO plugin. -->","yoast_head_json":{"title":"Enekom \u2013 Referenca: Energetski mened\u017ement v domovih za starej\u0161e (SSZS)","description":"Enekom je v domovih za starej\u0161e v okviru SSZS vzpostavil krovni energetskega mened\u017ement z namenom izbolj\u0161evanje energetske u\u010dinkovitosti. Storitev se je skozi leta nadgrajevala v smeri nadzora in regulacije koni\u010dne porabe, digitalizacije pralnic, spremljanje koli\u010din opranega perila in zavr\u017eene hrane, centralnega upravljanja energetskih naprav preko nadzorno regulacijskih sistemov.","robots":{"index":"index","follow":"follow","max-snippet":"max-snippet:-1","max-image-preview":"max-image-preview:large","max-video-preview":"max-video-preview:-1"},"canonical":"https:\/\/www.enekom.si\/en\/reference\/energetski-menedzment-v-domovih-za-starejse-v-okviru-sszs\/","og_locale":"en_US","og_type":"article","og_title":"Enekom \u2013 Referenca: Energetski mened\u017ement v domovih za starej\u0161e (SSZS)","og_description":"Enekom je v domovih za starej\u0161e v okviru SSZS vzpostavil krovni energetskega mened\u017ement z namenom izbolj\u0161evanje energetske u\u010dinkovitosti. Storitev se je skozi leta nadgrajevala v smeri nadzora in regulacije koni\u010dne porabe, digitalizacije pralnic, spremljanje koli\u010din opranega perila in zavr\u017eene hrane, centralnega upravljanja energetskih naprav preko nadzorno regulacijskih sistemov.","og_url":"https:\/\/www.enekom.si\/en\/reference\/energetski-menedzment-v-domovih-za-starejse-v-okviru-sszs\/","og_site_name":"Enekom","article_modified_time":"2026-03-30T09:05:30+00:00","twitter_card":"summary_large_image","schema":{"@context":"https:\/\/schema.org","@graph":[{"@type":"WebPage","@id":"https:\/\/www.enekom.si\/en\/reference\/energetski-menedzment-v-domovih-za-starejse-v-okviru-sszs\/","url":"https:\/\/www.enekom.si\/en\/reference\/energetski-menedzment-v-domovih-za-starejse-v-okviru-sszs\/","name":"Enekom \u2013 Referenca: Energetski mened\u017ement v domovih za starej\u0161e (SSZS)","isPartOf":{"@id":"https:\/\/www.enekom.si\/en\/#website"},"datePublished":"2025-11-06T11:32:32+00:00","dateModified":"2026-03-30T09:05:30+00:00","description":"Enekom je v domovih za starej\u0161e v okviru SSZS vzpostavil krovni energetskega mened\u017ement z namenom izbolj\u0161evanje energetske u\u010dinkovitosti. Storitev se je skozi leta nadgrajevala v smeri nadzora in regulacije koni\u010dne porabe, digitalizacije pralnic, spremljanje koli\u010din opranega perila in zavr\u017eene hrane, centralnega upravljanja energetskih naprav preko nadzorno regulacijskih sistemov.","breadcrumb":{"@id":"https:\/\/www.enekom.si\/en\/reference\/energetski-menedzment-v-domovih-za-starejse-v-okviru-sszs\/#breadcrumb"},"inLanguage":"en-US","potentialAction":[{"@type":"ReadAction","target":["https:\/\/www.enekom.si\/en\/reference\/energetski-menedzment-v-domovih-za-starejse-v-okviru-sszs\/"]}]},{"@type":"BreadcrumbList","@id":"https:\/\/www.enekom.si\/en\/reference\/energetski-menedzment-v-domovih-za-starejse-v-okviru-sszs\/#breadcrumb","itemListElement":[{"@type":"ListItem","position":1,"name":"Home","item":"https:\/\/www.enekom.si\/en\/"},{"@type":"ListItem","position":2,"name":"References","item":"https:\/\/www.enekom.si\/en\/reference\/"},{"@type":"ListItem","position":3,"name":"Energy management in nursing homes within the framework of the SSZS (Community of Slovenian nursing homes)"}]},{"@type":"WebSite","@id":"https:\/\/www.enekom.si\/en\/#website","url":"https:\/\/www.enekom.si\/en\/","name":"Enekom","description":"Enekom","potentialAction":[{"@type":"SearchAction","target":{"@type":"EntryPoint","urlTemplate":"https:\/\/www.enekom.si\/en\/?s={search_term_string}"},"query-input":{"@type":"PropertyValueSpecification","valueRequired":true,"valueName":"search_term_string"}}],"inLanguage":"en-US"}]}},"_links":{"self":[{"href":"https:\/\/www.enekom.si\/en\/wp-json\/wp\/v2\/pages\/1412","targetHints":{"allow":["GET"]}}],"collection":[{"href":"https:\/\/www.enekom.si\/en\/wp-json\/wp\/v2\/pages"}],"about":[{"href":"https:\/\/www.enekom.si\/en\/wp-json\/wp\/v2\/types\/page"}],"author":[{"embeddable":true,"href":"https:\/\/www.enekom.si\/en\/wp-json\/wp\/v2\/users\/2"}],"replies":[{"embeddable":true,"href":"https:\/\/www.enekom.si\/en\/wp-json\/wp\/v2\/comments?post=1412"}],"version-history":[{"count":2,"href":"https:\/\/www.enekom.si\/en\/wp-json\/wp\/v2\/pages\/1412\/revisions"}],"predecessor-version":[{"id":1869,"href":"https:\/\/www.enekom.si\/en\/wp-json\/wp\/v2\/pages\/1412\/revisions\/1869"}],"up":[{"embeddable":true,"href":"https:\/\/www.enekom.si\/en\/wp-json\/wp\/v2\/pages\/1440"}],"wp:attachment":[{"href":"https:\/\/www.enekom.si\/en\/wp-json\/wp\/v2\/media?parent=1412"}],"curies":[{"name":"wp","href":"https:\/\/api.w.org\/{rel}","templated":true}]}}